{"id":11745,"date":"2021-07-05T14:44:56","date_gmt":"2021-07-05T14:44:56","guid":{"rendered":"https:\/\/XXXXXX.com\/?page_id=11745"},"modified":"2023-01-19T10:40:15","modified_gmt":"2023-01-19T10:40:15","slug":"politica-de-cookies","status":"publish","type":"page","link":"https:\/\/www.moda.bigsales.pt\/?page_id=11745","title":{"rendered":"Politica de Cookies"},"content":{"rendered":"\t\t<div data-elementor-type=\"wp-page\" data-elementor-id=\"11745\" class=\"elementor elementor-11745\" data-elementor-post-type=\"page\">\n\t\t\t\t\t\t<section class=\"elementor-section elementor-top-section elementor-element elementor-element-4ccd4330 elementor-section-boxed elementor-section-height-default elementor-section-height-default\" data-id=\"4ccd4330\" data-element_type=\"section\" data-e-type=\"section\">\n\t\t\t\t\t\t<div class=\"elementor-container elementor-column-gap-default\">\n\t\t\t\t\t<div class=\"elementor-column elementor-col-100 elementor-top-column elementor-element elementor-element-5ccbd983\" data-id=\"5ccbd983\" data-element_type=\"column\" data-e-type=\"column\">\n\t\t\t<div class=\"elementor-widget-wrap elementor-element-populated\">\n\t\t\t\t\t\t<div class=\"elementor-element elementor-element-360fb418 elementor-widget elementor-widget-text-editor\" data-id=\"360fb418\" data-element_type=\"widget\" data-e-type=\"widget\" data-widget_type=\"text-editor.default\">\n\t\t\t\t<div class=\"elementor-widget-container\">\n\t\t\t\t\t\t\t\t\t\n<p><strong>Este site utiliza cookies<\/strong><\/p>\n\n<p>Em conformidade com a Lei informamos que este site utiliza cookies.<\/p>\n\n<p>A Lei aplica-se a qualquer tipo de arquivo ou dispositivo que \u00e9 baixado pelo seu equipamento terminal para armazenar dados que podem ser atualizados e recuperados pela entidade respons\u00e1vel por sua instala\u00e7\u00e3o. Um cookie \u00e9 um desses arquivos para uso geral que chamaremos genericamente de cookies.<\/p>\n\n<p>Cookies s\u00e3o pequenos arquivos de texto enviados a um navegador a partir de um servidor da Web para registrar a atividade do usu\u00e1rio em um site, para que essas informa\u00e7\u00f5es possam ser recuperadas mais tarde enquanto navega nas diferentes p\u00e1ginas conectadas. para o servidor que os instalou.<\/p>\n\n<p>Os cookies geralmente armazenam informa\u00e7\u00f5es t\u00e9cnicas, prefer\u00eancias pessoais, personaliza\u00e7\u00e3o de conte\u00fado, estat\u00edsticas de uso, links para redes sociais, acesso a contas de usu\u00e1rio, etc.<\/p>\n\n<p><strong>Tipos de cookies<\/strong><\/p>\n\n<p>Em seguida, \u00e9 feita uma classifica\u00e7\u00e3o de cookies com base em uma s\u00e9rie de categorias. No entanto, \u00e9 necess\u00e1rio ter em mente que o mesmo cookie pode ser inclu\u00eddo em mais de uma categoria.<\/p>\n\n<p><strong>Segundo a entidade que os gestiona<\/strong><\/p>\n\n<p>Cookies pr\u00f3prios: s\u00e3o aqueles enviados ao equipamento terminal do usu\u00e1rio a partir de um computador ou dom\u00ednio gerenciado pelo pr\u00f3prio editor e do qual o servi\u00e7o solicitado pelo usu\u00e1rio \u00e9 fornecido.<br \/>Cookies de terceiros: aqueles enviados ao equipamento terminal do usu\u00e1rio a partir de um computador ou dom\u00ednio que n\u00e3o \u00e9 gerenciado pelo editor, mas por outra entidade que processa os dados obtidos atrav\u00e9s de cookies.<\/p>\n\n<p>Caso os cookies sejam instalados a partir de um computador ou dom\u00ednio gerenciado pelo pr\u00f3prio editor, mas as informa\u00e7\u00f5es coletadas por eles sejam gerenciadas por terceiros, eles n\u00e3o ser\u00e3o considerados cookies pr\u00f3prios.<\/p>\n\n<p><strong>Segundo o prazo de tempo que permanecem activados<\/strong><\/p>\n\n<p>De acordo com o per\u00edodo de tempo em que permanecem ativados no equipamento terminal, podemos distinguir:<\/p>\n\n<p>Cookies de sess\u00e3o: s\u00e3o tipos de cookies projetados para coletar e armazenar dados enquanto o usu\u00e1rio acessa uma p\u00e1gina da web. Eles geralmente s\u00e3o usados para armazenar informa\u00e7\u00f5es que s\u00f3 interessam manter para a presta\u00e7\u00e3o do servi\u00e7o solicitado pelo usu\u00e1rio em uma \u00fanica ocasi\u00e3o (por exemplo, uma lista de produtos comprados).<\/p>\n\n<p>Cookies persistentes: s\u00e3o um tipo de cookie em que os dados ainda est\u00e3o armazenados no terminal e podem ser acessados e processados por um per\u00edodo definido pela pessoa respons\u00e1vel pelo cookie e que pode variar de alguns minutos a v\u00e1rios anos.<\/p>\n\n<p><strong>Segundo a finalidade<\/strong><\/p>\n\n<p>Dependendo da finalidade para a qual os dados obtidos atrav\u00e9s de cookies s\u00e3o processados, podemos distinguir entre:<\/p>\n\n<p>Cookies t\u00e9cnicos: s\u00e3o aqueles que permitem ao usu\u00e1rio navegar por uma p\u00e1gina da web, plataforma ou aplicativo e usar as diferentes op\u00e7\u00f5es ou servi\u00e7os existentes, como, por exemplo, controlar o tr\u00e1fego e a comunica\u00e7\u00e3o de dados, identificar o sess\u00e3o, acesse pe\u00e7as de acesso restrito, lembre-se dos elementos que comp\u00f5em um pedido, fa\u00e7a o processo de compra de um pedido, fa\u00e7a o pedido de registro ou participa\u00e7\u00e3o em um evento, use elementos de seguran\u00e7a durante a navega\u00e7\u00e3o, armazene conte\u00fado para divulga\u00e7\u00e3o de v\u00eddeos ou som ou compartilhe conte\u00fado atrav\u00e9s de redes sociais.<\/p>\n\n<p>Cookies de personaliza\u00e7\u00e3o: s\u00e3o aqueles que permitem ao usu\u00e1rio acessar o servi\u00e7o com algumas caracter\u00edsticas gerais predefinidas, com base em uma s\u00e9rie de crit\u00e9rios no terminal do usu\u00e1rio, como o idioma, o tipo de navegador pelo qual o servi\u00e7o \u00e9 acessado. , a configura\u00e7\u00e3o regional de onde voc\u00ea acessa o servi\u00e7o etc.<\/p>\n\n<p>Cookies de an\u00e1lise: aqueles que permitem \u00e0 pessoa respons\u00e1vel por monitorar e analisar o comportamento dos usu\u00e1rios dos sites aos quais est\u00e3o vinculados. As informa\u00e7\u00f5es coletadas atrav\u00e9s deste tipo de cookies s\u00e3o usadas na medi\u00e7\u00e3o da atividade dos sites, aplicativos ou plataformas e na elabora\u00e7\u00e3o de perfis de navega\u00e7\u00e3o dos usu\u00e1rios desses sites, aplicativos e plataformas, a fim de introduzir melhorias nos fun\u00e7\u00e3o da an\u00e1lise dos dados de uso feitos pelos usu\u00e1rios do servi\u00e7o.<\/p>\n\n<p>Cookies de publicidade: aqueles que permitem o gerenciamento, da maneira mais eficiente poss\u00edvel, dos espa\u00e7os de publicidade que, quando apropriado, o editor incluiu em uma p\u00e1gina da Web, aplicativo ou plataforma a partir da qual ele fornece o servi\u00e7o solicitado com base em crit\u00e9rios como o conte\u00fado editado ou a frequ\u00eancia com que os an\u00fancios s\u00e3o exibidos.<\/p>\n\n<p>Cookies de publicidade comportamental: s\u00e3o aqueles que permitem o gerenciamento, da maneira mais eficiente poss\u00edvel, dos espa\u00e7os publicit\u00e1rios que, quando apropriado, o editor incluiu em uma p\u00e1gina da Web, aplicativo ou plataforma a partir da qual fornece o servi\u00e7o solicitado. Esses cookies armazenam informa\u00e7\u00f5es sobre o comportamento dos usu\u00e1rios, obtido atrav\u00e9s da observa\u00e7\u00e3o cont\u00ednua de seus h\u00e1bitos de navega\u00e7\u00e3o, o que permite o desenvolvimento de um perfil espec\u00edfico para exibir publicidade com base nele.<\/p>\n\n<p><strong>Como desativar os cookies nos principais navegadores da web<\/strong><\/p>\n\n<p>Para configurar o uso de cookies, siga as instru\u00e7\u00f5es correspondentes ao seu navegador ou consulte a ajuda deles:<\/p>\n\n<ul class=\"wp-block-list\">\n<li>Safari<\/li>\n<li>Firefox<\/li>\n<li>Chrome<\/li>\n<li>\u00d3pera<\/li>\n<li>Internet Explorer<\/li>\n<li>Edge<\/li>\n<\/ul>\n\n<p><strong>O que acontece se os cookies n\u00e3o forem aceites<\/strong><\/p>\n\n<p>A rejei\u00e7\u00e3o de cookies pode impedir o acesso a conte\u00fado e servi\u00e7os personalizados.<\/p>\n\n<p><strong>Atualiza\u00e7\u00f5es e modifica\u00e7\u00f5es na pol\u00edtica de cookies.<\/strong><\/p>\n\n<p>O Site <strong><b>XXX\u00a0 <\/b><\/strong>pode modificar esta pol\u00edtica de cookies de acordo com os requisitos legislativos e regulamentares, a fim de adaptar a pol\u00edtica \u00e0s instru\u00e7\u00f5es emitidas pela CNPD, em situa\u00e7\u00f5es t\u00e9cnicas ou reorganiza\u00e7\u00e3o do site; Portanto, recomendamos que voc\u00ea a visite periodicamente a nossa politica de cookies.<\/p>\n\n<p><strong>Contacto<\/strong><\/p>\n\n<p>Para qualquer pergunta sobre como usamos cookies, escreva para o endere\u00e7o de e-mail: <a href=\"mailto:geral@XXXXXX.com\">geral@XXXXXX.com<\/a><\/p>\n\t\t\t\t\t\t\t\t<\/div>\n\t\t\t\t<\/div>\n\t\t\t\t\t<\/div>\n\t\t<\/div>\n\t\t\t\t\t<\/div>\n\t\t<\/section>\n\t\t\t\t<\/div>\n\t\t","protected":false},"excerpt":{"rendered":"<p>Este site utiliza cookies Em conformidade com a Lei informamos que este site utiliza cookies. A Lei aplica-se a qualquer tipo de arquivo ou dispositivo que \u00e9 baixado pelo seu equipamento terminal para armazenar dados que podem ser atualizados e recuperados pela entidade respons\u00e1vel por sua instala\u00e7\u00e3o. Um cookie \u00e9 um desses arquivos para uso [&hellip;]<\/p>\n","protected":false},"author":1,"featured_media":0,"parent":0,"menu_order":0,"comment_status":"closed","ping_status":"closed","template":"","meta":{"footnotes":""},"class_list":["post-11745","page","type-page","status-publish","hentry"],"yoast_head":"<!-- This site is optimized with the Yoast SEO plugin v27.5 - https:\/\/yoast.com\/product\/yoast-seo-wordpress\/ -->\n<title>Politica de Cookies - Moda Big Sales<\/title>\n<meta name=\"robots\" content=\"index, follow, max-snippet:-1, max-image-preview:large, max-video-preview:-1\" \/>\n<link rel=\"canonical\" href=\"https:\/\/www.moda.bigsales.pt\/?page_id=11745\" \/>\n<meta property=\"og:locale\" content=\"pt_PT\" \/>\n<meta property=\"og:type\" content=\"article\" \/>\n<meta property=\"og:title\" content=\"Politica de Cookies - Moda Big Sales\" \/>\n<meta property=\"og:description\" content=\"Este site utiliza cookies Em conformidade com a Lei informamos que este site utiliza cookies. A Lei aplica-se a qualquer tipo de arquivo ou dispositivo que \u00e9 baixado pelo seu equipamento terminal para armazenar dados que podem ser atualizados e recuperados pela entidade respons\u00e1vel por sua instala\u00e7\u00e3o. Um cookie \u00e9 um desses arquivos para uso [&hellip;]\" \/>\n<meta property=\"og:url\" content=\"https:\/\/www.moda.bigsales.pt\/?page_id=11745\" \/>\n<meta property=\"og:site_name\" content=\"Moda Big Sales\" \/>\n<meta property=\"article:modified_time\" content=\"2023-01-19T10:40:15+00:00\" \/>\n<meta name=\"twitter:card\" content=\"summary_large_image\" \/>\n<meta name=\"twitter:label1\" content=\"Tempo estimado de leitura\" \/>\n\t<meta name=\"twitter:data1\" content=\"5 minutos\" \/>\n<script type=\"application\/ld+json\" class=\"yoast-schema-graph\">{\"@context\":\"https:\\\/\\\/schema.org\",\"@graph\":[{\"@type\":\"WebPage\",\"@id\":\"https:\\\/\\\/www.moda.bigsales.pt\\\/?page_id=11745\",\"url\":\"https:\\\/\\\/www.moda.bigsales.pt\\\/?page_id=11745\",\"name\":\"Politica de Cookies - Moda Big Sales\",\"isPartOf\":{\"@id\":\"https:\\\/\\\/www.moda.bigsales.pt\\\/#website\"},\"datePublished\":\"2021-07-05T14:44:56+00:00\",\"dateModified\":\"2023-01-19T10:40:15+00:00\",\"breadcrumb\":{\"@id\":\"https:\\\/\\\/www.moda.bigsales.pt\\\/?page_id=11745#breadcrumb\"},\"inLanguage\":\"pt-PT\",\"potentialAction\":[{\"@type\":\"ReadAction\",\"target\":[\"https:\\\/\\\/www.moda.bigsales.pt\\\/?page_id=11745\"]}]},{\"@type\":\"BreadcrumbList\",\"@id\":\"https:\\\/\\\/www.moda.bigsales.pt\\\/?page_id=11745#breadcrumb\",\"itemListElement\":[{\"@type\":\"ListItem\",\"position\":1,\"name\":\"In\u00edcio\",\"item\":\"https:\\\/\\\/www.moda.bigsales.pt\\\/\"},{\"@type\":\"ListItem\",\"position\":2,\"name\":\"Politica de Cookies\"}]},{\"@type\":\"WebSite\",\"@id\":\"https:\\\/\\\/www.moda.bigsales.pt\\\/#website\",\"url\":\"https:\\\/\\\/www.moda.bigsales.pt\\\/\",\"name\":\"Moda Big Sales\",\"description\":\"A sua loja virtual\",\"publisher\":{\"@id\":\"https:\\\/\\\/www.moda.bigsales.pt\\\/#organization\"},\"potentialAction\":[{\"@type\":\"SearchAction\",\"target\":{\"@type\":\"EntryPoint\",\"urlTemplate\":\"https:\\\/\\\/www.moda.bigsales.pt\\\/?s={search_term_string}\"},\"query-input\":{\"@type\":\"PropertyValueSpecification\",\"valueRequired\":true,\"valueName\":\"search_term_string\"}}],\"inLanguage\":\"pt-PT\"},{\"@type\":\"Organization\",\"@id\":\"https:\\\/\\\/www.moda.bigsales.pt\\\/#organization\",\"name\":\"Moda Big Sales\",\"url\":\"https:\\\/\\\/www.moda.bigsales.pt\\\/\",\"logo\":{\"@type\":\"ImageObject\",\"inLanguage\":\"pt-PT\",\"@id\":\"https:\\\/\\\/www.moda.bigsales.pt\\\/#\\\/schema\\\/logo\\\/image\\\/\",\"url\":\"https:\\\/\\\/ams1.vultrobjects.com\\\/donadecasainspirada\\\/2024\\\/11\\\/LOGOMODA.png\",\"contentUrl\":\"https:\\\/\\\/ams1.vultrobjects.com\\\/donadecasainspirada\\\/2024\\\/11\\\/LOGOMODA.png\",\"width\":243,\"height\":112,\"caption\":\"Moda Big Sales\"},\"image\":{\"@id\":\"https:\\\/\\\/www.moda.bigsales.pt\\\/#\\\/schema\\\/logo\\\/image\\\/\"}}]}<\/script>\n<!-- \/ Yoast SEO plugin. -->","yoast_head_json":{"title":"Politica de Cookies - Moda Big Sales","robots":{"index":"index","follow":"follow","max-snippet":"max-snippet:-1","max-image-preview":"max-image-preview:large","max-video-preview":"max-video-preview:-1"},"canonical":"https:\/\/www.moda.bigsales.pt\/?page_id=11745","og_locale":"pt_PT","og_type":"article","og_title":"Politica de Cookies - Moda Big Sales","og_description":"Este site utiliza cookies Em conformidade com a Lei informamos que este site utiliza cookies. A Lei aplica-se a qualquer tipo de arquivo ou dispositivo que \u00e9 baixado pelo seu equipamento terminal para armazenar dados que podem ser atualizados e recuperados pela entidade respons\u00e1vel por sua instala\u00e7\u00e3o. Um cookie \u00e9 um desses arquivos para uso [&hellip;]","og_url":"https:\/\/www.moda.bigsales.pt\/?page_id=11745","og_site_name":"Moda Big Sales","article_modified_time":"2023-01-19T10:40:15+00:00","twitter_card":"summary_large_image","twitter_misc":{"Tempo estimado de leitura":"5 minutos"},"schema":{"@context":"https:\/\/schema.org","@graph":[{"@type":"WebPage","@id":"https:\/\/www.moda.bigsales.pt\/?page_id=11745","url":"https:\/\/www.moda.bigsales.pt\/?page_id=11745","name":"Politica de Cookies - Moda Big Sales","isPartOf":{"@id":"https:\/\/www.moda.bigsales.pt\/#website"},"datePublished":"2021-07-05T14:44:56+00:00","dateModified":"2023-01-19T10:40:15+00:00","breadcrumb":{"@id":"https:\/\/www.moda.bigsales.pt\/?page_id=11745#breadcrumb"},"inLanguage":"pt-PT","potentialAction":[{"@type":"ReadAction","target":["https:\/\/www.moda.bigsales.pt\/?page_id=11745"]}]},{"@type":"BreadcrumbList","@id":"https:\/\/www.moda.bigsales.pt\/?page_id=11745#breadcrumb","itemListElement":[{"@type":"ListItem","position":1,"name":"In\u00edcio","item":"https:\/\/www.moda.bigsales.pt\/"},{"@type":"ListItem","position":2,"name":"Politica de Cookies"}]},{"@type":"WebSite","@id":"https:\/\/www.moda.bigsales.pt\/#website","url":"https:\/\/www.moda.bigsales.pt\/","name":"Moda Big Sales","description":"A sua loja virtual","publisher":{"@id":"https:\/\/www.moda.bigsales.pt\/#organization"},"potentialAction":[{"@type":"SearchAction","target":{"@type":"EntryPoint","urlTemplate":"https:\/\/www.moda.bigsales.pt\/?s={search_term_string}"},"query-input":{"@type":"PropertyValueSpecification","valueRequired":true,"valueName":"search_term_string"}}],"inLanguage":"pt-PT"},{"@type":"Organization","@id":"https:\/\/www.moda.bigsales.pt\/#organization","name":"Moda Big Sales","url":"https:\/\/www.moda.bigsales.pt\/","logo":{"@type":"ImageObject","inLanguage":"pt-PT","@id":"https:\/\/www.moda.bigsales.pt\/#\/schema\/logo\/image\/","url":"https:\/\/ams1.vultrobjects.com\/donadecasainspirada\/2024\/11\/LOGOMODA.png","contentUrl":"https:\/\/ams1.vultrobjects.com\/donadecasainspirada\/2024\/11\/LOGOMODA.png","width":243,"height":112,"caption":"Moda Big Sales"},"image":{"@id":"https:\/\/www.moda.bigsales.pt\/#\/schema\/logo\/image\/"}}]}},"_links":{"self":[{"href":"https:\/\/www.moda.bigsales.pt\/index.php?rest_route=\/wp\/v2\/pages\/11745","targetHints":{"allow":["GET"]}}],"collection":[{"href":"https:\/\/www.moda.bigsales.pt\/index.php?rest_route=\/wp\/v2\/pages"}],"about":[{"href":"https:\/\/www.moda.bigsales.pt\/index.php?rest_route=\/wp\/v2\/types\/page"}],"author":[{"embeddable":true,"href":"https:\/\/www.moda.bigsales.pt\/index.php?rest_route=\/wp\/v2\/users\/1"}],"replies":[{"embeddable":true,"href":"https:\/\/www.moda.bigsales.pt\/index.php?rest_route=%2Fwp%2Fv2%2Fcomments&post=11745"}],"version-history":[{"count":4,"href":"https:\/\/www.moda.bigsales.pt\/index.php?rest_route=\/wp\/v2\/pages\/11745\/revisions"}],"predecessor-version":[{"id":304089,"href":"https:\/\/www.moda.bigsales.pt\/index.php?rest_route=\/wp\/v2\/pages\/11745\/revisions\/304089"}],"wp:attachment":[{"href":"https:\/\/www.moda.bigsales.pt\/index.php?rest_route=%2Fwp%2Fv2%2Fmedia&parent=11745"}],"curies":[{"name":"wp","href":"https:\/\/api.w.org\/{rel}","templated":true}]}}