{"id":11746,"date":"2021-07-05T14:44:56","date_gmt":"2021-07-05T14:44:56","guid":{"rendered":"https:\/\/XXXXXX.com\/?page_id=11746"},"modified":"2023-01-19T10:45:23","modified_gmt":"2023-01-19T10:45:23","slug":"envios-e-devolucoes","status":"publish","type":"page","link":"https:\/\/www.moda.bigsales.pt\/?page_id=11746","title":{"rendered":"Envios e Devolu\u00e7\u00f5es"},"content":{"rendered":"\t\t<div data-elementor-type=\"wp-page\" data-elementor-id=\"11746\" class=\"elementor elementor-11746\" data-elementor-post-type=\"page\">\n\t\t\t\t\t\t<section class=\"elementor-section elementor-top-section elementor-element elementor-element-de56849 elementor-section-boxed elementor-section-height-default elementor-section-height-default\" data-id=\"de56849\" data-element_type=\"section\" data-e-type=\"section\">\n\t\t\t\t\t\t<div class=\"elementor-container elementor-column-gap-default\">\n\t\t\t\t\t<div class=\"elementor-column elementor-col-100 elementor-top-column elementor-element elementor-element-4f707189\" data-id=\"4f707189\" data-element_type=\"column\" data-e-type=\"column\">\n\t\t\t<div class=\"elementor-widget-wrap elementor-element-populated\">\n\t\t\t\t\t\t<div class=\"elementor-element elementor-element-3aae6336 elementor-widget elementor-widget-text-editor\" data-id=\"3aae6336\" data-element_type=\"widget\" data-e-type=\"widget\" data-widget_type=\"text-editor.default\">\n\t\t\t\t<div class=\"elementor-widget-container\">\n\t\t\t\t\t\t\t\t\t\n<p><strong>Envios e Devolu\u00e7\u00f5es<\/strong><\/p>\n\n<ul class=\"wp-block-list\">\n<li>Por favor note que todas as taxas de importa\u00e7\u00e3o \/ direitos alfandeg\u00e1rios s\u00e3o de responsabilidade do comprador.<\/li>\n<li>A nossa loja\u00a0n\u00e3o aceitar\u00e1 nenhuma responsabilidade por despesas aduaneiras.<\/li>\n<li>Muitos pa\u00edses n\u00e3o cobram direitos de importa\u00e7\u00e3o de itens particulares, amostras e mercadorias abaixo de um determinado valor declarado.<\/li>\n<li>No entanto, voc\u00ea pode ter que pagar impostos, quando os bens que voc\u00ea encomendou de n\u00f3s chegarem ao seu pa\u00eds<\/li>\n<li>Obviamente voc\u00ea vai querer que este seja o mais baixo poss\u00edvel, mas a nossa loja online n\u00e3o lhe pode dar conselhos ou informa\u00e7\u00f5es sobre as taxas de impostos e taxas alfandeg\u00e1rias de seu pa\u00eds.<\/li>\n<li>Voc\u00ea deve se assegurar em obter informa\u00e7\u00f5es sobre os regulamentos em seu pr\u00f3prio pa\u00eds antes de encomendar.<\/li>\n<li>N\u00e3o adicionamos nenhum imposto, custos ocultos ou imposto de venda. Voc\u00ea paga o que voc\u00ea v\u00ea na p\u00e1gina de checkout, ou seja, o custo da mercadoria e o custo do transporte.<\/li>\n<li>No entanto \u2013 Na maioria dos pa\u00edses do mundo tem de se pagar impostos sobre as mercadorias importadas. \u00c0s vezes, uma mercadoria abaixo de um determinado valor ou de certas categorias, podem estar isentos de taxa\u00e7\u00e3o.<\/li>\n<li>As regras s\u00e3o diferentes em cada pa\u00eds.<\/li>\n<li>Em muitos pa\u00edses as regras s\u00e3o muitas vezes aplicados de forma diferente em diferentes lugares, e \u00e0s vezes um pouco ao acaso.<\/li>\n<\/ul>\n\n<p><strong>DIREITO DE DEVOLU\u00c7\u00c3O \/ RESOLU\u00c7\u00c3O<\/strong><\/p>\n\n<p>( Artigo 4\u00ba do Decrecto Lei n\u00ba 24\/2014 de 14 Fevereiro alterado pela Lei n\u00ba 47\/2014 de 28 de Julho)<\/p>\n\n<p>O Cliente tem o direito de resolver \/ rescindir o contrato no prazo de 14 dias a contar do dia em que o Cliente ou um terceiro em seu nome, adquira a posse f\u00edsica do bem, ou do \u00faltimo bem no caso de v\u00e1rios bens encomendados numa \u00fanica encomenda e entregues em separado. Pode exercer o direito de resolu\u00e7\u00e3o para: <a href=\"https:\/\/XXXXXX.com\/\">https:\/\/XXXXXX.com\/<\/a> identifica\u00e7\u00e3o de pessoa coletiva n\u00ba <span data-sheets-value=\"{\" data-sheets-userformat=\"{\">515465410<\/span>\u00a0<strong><b>XXXXXX <\/b><\/strong><strong><br \/>XXXX, XXXX , Telem\u00f3vel: <span data-sheets-value=\"{\" data-sheets-userformat=\"{\">XXX XXX XXX,<\/span><\/strong>\u00a0email:\u00a0<strong><a href=\"mailto:geral@XXXXXX.com\">geral@XXXXXX.com<\/a><\/strong>\u00a0\u00a0indicando a decis\u00e3o de resolver este contrato por declara\u00e7\u00e3o inequ\u00edvoca (por exemplo, carta enviada por correio, fax ou e-mail), a enviar antes do prazo referido no par\u00e1grafo anterior.<\/p>\n\n<p><strong>Efeitos da resolu\u00e7\u00e3o<\/strong><\/p>\n\n<p>Se resolver este contrato, procederemos ao reembolso de todos os pagamentos recebidos da sua parte, excluindo os custos de entrega, sem demora injustificada e, seja qual for o caso, no prazo de 14 dias a partir do dia em que formos informados da sua decis\u00e3o de resolver este contrato.<\/p>\n\n<p>Procederemos a esse reembolso usando os mesmos meios de pagamento que usou na transac\u00e7\u00e3o inicial, a menos que tenha sido expressamente acordado de outra forma.<\/p>\n\n<p>Em qualquer caso, o Cliente n\u00e3o incorre em qualquer custo em consequ\u00eancia desse reembolso. Reservamo-nos no direito de reter o reembolso at\u00e9 termos recebido os Produtos devolvidos ou at\u00e9 que tenha apresentado comprovativo do envio dos artigos, consoante o que ocorrer mais cedo.<\/p>\n\n<p><strong>Devolu\u00e7\u00e3o dos artigos<\/strong><\/p>\n\n<p>Se optar por exercer o seu direito de resolu\u00e7\u00e3o, incumbe ao cliente suportar o custo da devolu\u00e7\u00e3o dos bens.<\/p>\n\n<p><strong>Responsabilidade e Garantia<\/strong><\/p>\n\n<p>O Cliente s\u00f3 \u00e9 respons\u00e1vel pela deprecia\u00e7\u00e3o dos artigos resultante de um manuseamento distinto do necess\u00e1rio para verificar a natureza, caracter\u00edsticas e funcionamento dos artigos.<\/p>\n\n<p>Para exercer o seu direito de resolu\u00e7\u00e3o emitir uma declara\u00e7\u00e3o inequ\u00edvoca \u00e0 <a href=\"https:\/\/XXXXXX.com\/\">https:\/\/XXXXXX.com\/<\/a>\u00a0declarando que pretende resolver o contrato<\/p>\n\t\t\t\t\t\t\t\t<\/div>\n\t\t\t\t<\/div>\n\t\t\t\t\t<\/div>\n\t\t<\/div>\n\t\t\t\t\t<\/div>\n\t\t<\/section>\n\t\t\t\t<\/div>\n\t\t","protected":false},"excerpt":{"rendered":"<p>Envios e Devolu\u00e7\u00f5es Por favor note que todas as taxas de importa\u00e7\u00e3o \/ direitos alfandeg\u00e1rios s\u00e3o de responsabilidade do comprador. A nossa loja\u00a0n\u00e3o aceitar\u00e1 nenhuma responsabilidade por despesas aduaneiras. Muitos pa\u00edses n\u00e3o cobram direitos de importa\u00e7\u00e3o de itens particulares, amostras e mercadorias abaixo de um determinado valor declarado. No entanto, voc\u00ea pode ter que pagar [&hellip;]<\/p>\n","protected":false},"author":1,"featured_media":0,"parent":0,"menu_order":0,"comment_status":"closed","ping_status":"closed","template":"","meta":{"footnotes":""},"class_list":["post-11746","page","type-page","status-publish","hentry"],"yoast_head":"<!-- This site is optimized with the Yoast SEO plugin v27.5 - https:\/\/yoast.com\/product\/yoast-seo-wordpress\/ -->\n<title>Envios e Devolu\u00e7\u00f5es - Moda Big Sales<\/title>\n<meta name=\"robots\" content=\"index, follow, max-snippet:-1, max-image-preview:large, max-video-preview:-1\" \/>\n<link rel=\"canonical\" href=\"https:\/\/www.moda.bigsales.pt\/?page_id=11746\" \/>\n<meta property=\"og:locale\" content=\"pt_PT\" \/>\n<meta property=\"og:type\" content=\"article\" \/>\n<meta property=\"og:title\" content=\"Envios e Devolu\u00e7\u00f5es - Moda Big Sales\" \/>\n<meta property=\"og:description\" content=\"Envios e Devolu\u00e7\u00f5es Por favor note que todas as taxas de importa\u00e7\u00e3o \/ direitos alfandeg\u00e1rios s\u00e3o de responsabilidade do comprador. A nossa loja\u00a0n\u00e3o aceitar\u00e1 nenhuma responsabilidade por despesas aduaneiras. Muitos pa\u00edses n\u00e3o cobram direitos de importa\u00e7\u00e3o de itens particulares, amostras e mercadorias abaixo de um determinado valor declarado. No entanto, voc\u00ea pode ter que pagar [&hellip;]\" \/>\n<meta property=\"og:url\" content=\"https:\/\/www.moda.bigsales.pt\/?page_id=11746\" \/>\n<meta property=\"og:site_name\" content=\"Moda Big Sales\" \/>\n<meta property=\"article:modified_time\" content=\"2023-01-19T10:45:23+00:00\" \/>\n<meta name=\"twitter:card\" content=\"summary_large_image\" \/>\n<meta name=\"twitter:label1\" content=\"Tempo estimado de leitura\" \/>\n\t<meta name=\"twitter:data1\" content=\"3 minutos\" \/>\n<script type=\"application\/ld+json\" class=\"yoast-schema-graph\">{\"@context\":\"https:\\\/\\\/schema.org\",\"@graph\":[{\"@type\":\"WebPage\",\"@id\":\"https:\\\/\\\/www.moda.bigsales.pt\\\/?page_id=11746\",\"url\":\"https:\\\/\\\/www.moda.bigsales.pt\\\/?page_id=11746\",\"name\":\"Envios e Devolu\u00e7\u00f5es - Moda Big Sales\",\"isPartOf\":{\"@id\":\"https:\\\/\\\/www.moda.bigsales.pt\\\/#website\"},\"datePublished\":\"2021-07-05T14:44:56+00:00\",\"dateModified\":\"2023-01-19T10:45:23+00:00\",\"breadcrumb\":{\"@id\":\"https:\\\/\\\/www.moda.bigsales.pt\\\/?page_id=11746#breadcrumb\"},\"inLanguage\":\"pt-PT\",\"potentialAction\":[{\"@type\":\"ReadAction\",\"target\":[\"https:\\\/\\\/www.moda.bigsales.pt\\\/?page_id=11746\"]}]},{\"@type\":\"BreadcrumbList\",\"@id\":\"https:\\\/\\\/www.moda.bigsales.pt\\\/?page_id=11746#breadcrumb\",\"itemListElement\":[{\"@type\":\"ListItem\",\"position\":1,\"name\":\"In\u00edcio\",\"item\":\"https:\\\/\\\/www.moda.bigsales.pt\\\/\"},{\"@type\":\"ListItem\",\"position\":2,\"name\":\"Envios e Devolu\u00e7\u00f5es\"}]},{\"@type\":\"WebSite\",\"@id\":\"https:\\\/\\\/www.moda.bigsales.pt\\\/#website\",\"url\":\"https:\\\/\\\/www.moda.bigsales.pt\\\/\",\"name\":\"Moda Big Sales\",\"description\":\"A sua loja virtual\",\"publisher\":{\"@id\":\"https:\\\/\\\/www.moda.bigsales.pt\\\/#organization\"},\"potentialAction\":[{\"@type\":\"SearchAction\",\"target\":{\"@type\":\"EntryPoint\",\"urlTemplate\":\"https:\\\/\\\/www.moda.bigsales.pt\\\/?s={search_term_string}\"},\"query-input\":{\"@type\":\"PropertyValueSpecification\",\"valueRequired\":true,\"valueName\":\"search_term_string\"}}],\"inLanguage\":\"pt-PT\"},{\"@type\":\"Organization\",\"@id\":\"https:\\\/\\\/www.moda.bigsales.pt\\\/#organization\",\"name\":\"Moda Big Sales\",\"url\":\"https:\\\/\\\/www.moda.bigsales.pt\\\/\",\"logo\":{\"@type\":\"ImageObject\",\"inLanguage\":\"pt-PT\",\"@id\":\"https:\\\/\\\/www.moda.bigsales.pt\\\/#\\\/schema\\\/logo\\\/image\\\/\",\"url\":\"https:\\\/\\\/ams1.vultrobjects.com\\\/donadecasainspirada\\\/2024\\\/11\\\/LOGOMODA.png\",\"contentUrl\":\"https:\\\/\\\/ams1.vultrobjects.com\\\/donadecasainspirada\\\/2024\\\/11\\\/LOGOMODA.png\",\"width\":243,\"height\":112,\"caption\":\"Moda Big Sales\"},\"image\":{\"@id\":\"https:\\\/\\\/www.moda.bigsales.pt\\\/#\\\/schema\\\/logo\\\/image\\\/\"}}]}<\/script>\n<!-- \/ Yoast SEO plugin. -->","yoast_head_json":{"title":"Envios e Devolu\u00e7\u00f5es - Moda Big Sales","robots":{"index":"index","follow":"follow","max-snippet":"max-snippet:-1","max-image-preview":"max-image-preview:large","max-video-preview":"max-video-preview:-1"},"canonical":"https:\/\/www.moda.bigsales.pt\/?page_id=11746","og_locale":"pt_PT","og_type":"article","og_title":"Envios e Devolu\u00e7\u00f5es - Moda Big Sales","og_description":"Envios e Devolu\u00e7\u00f5es Por favor note que todas as taxas de importa\u00e7\u00e3o \/ direitos alfandeg\u00e1rios s\u00e3o de responsabilidade do comprador. A nossa loja\u00a0n\u00e3o aceitar\u00e1 nenhuma responsabilidade por despesas aduaneiras. Muitos pa\u00edses n\u00e3o cobram direitos de importa\u00e7\u00e3o de itens particulares, amostras e mercadorias abaixo de um determinado valor declarado. No entanto, voc\u00ea pode ter que pagar [&hellip;]","og_url":"https:\/\/www.moda.bigsales.pt\/?page_id=11746","og_site_name":"Moda Big Sales","article_modified_time":"2023-01-19T10:45:23+00:00","twitter_card":"summary_large_image","twitter_misc":{"Tempo estimado de leitura":"3 minutos"},"schema":{"@context":"https:\/\/schema.org","@graph":[{"@type":"WebPage","@id":"https:\/\/www.moda.bigsales.pt\/?page_id=11746","url":"https:\/\/www.moda.bigsales.pt\/?page_id=11746","name":"Envios e Devolu\u00e7\u00f5es - Moda Big Sales","isPartOf":{"@id":"https:\/\/www.moda.bigsales.pt\/#website"},"datePublished":"2021-07-05T14:44:56+00:00","dateModified":"2023-01-19T10:45:23+00:00","breadcrumb":{"@id":"https:\/\/www.moda.bigsales.pt\/?page_id=11746#breadcrumb"},"inLanguage":"pt-PT","potentialAction":[{"@type":"ReadAction","target":["https:\/\/www.moda.bigsales.pt\/?page_id=11746"]}]},{"@type":"BreadcrumbList","@id":"https:\/\/www.moda.bigsales.pt\/?page_id=11746#breadcrumb","itemListElement":[{"@type":"ListItem","position":1,"name":"In\u00edcio","item":"https:\/\/www.moda.bigsales.pt\/"},{"@type":"ListItem","position":2,"name":"Envios e Devolu\u00e7\u00f5es"}]},{"@type":"WebSite","@id":"https:\/\/www.moda.bigsales.pt\/#website","url":"https:\/\/www.moda.bigsales.pt\/","name":"Moda Big Sales","description":"A sua loja virtual","publisher":{"@id":"https:\/\/www.moda.bigsales.pt\/#organization"},"potentialAction":[{"@type":"SearchAction","target":{"@type":"EntryPoint","urlTemplate":"https:\/\/www.moda.bigsales.pt\/?s={search_term_string}"},"query-input":{"@type":"PropertyValueSpecification","valueRequired":true,"valueName":"search_term_string"}}],"inLanguage":"pt-PT"},{"@type":"Organization","@id":"https:\/\/www.moda.bigsales.pt\/#organization","name":"Moda Big Sales","url":"https:\/\/www.moda.bigsales.pt\/","logo":{"@type":"ImageObject","inLanguage":"pt-PT","@id":"https:\/\/www.moda.bigsales.pt\/#\/schema\/logo\/image\/","url":"https:\/\/ams1.vultrobjects.com\/donadecasainspirada\/2024\/11\/LOGOMODA.png","contentUrl":"https:\/\/ams1.vultrobjects.com\/donadecasainspirada\/2024\/11\/LOGOMODA.png","width":243,"height":112,"caption":"Moda Big Sales"},"image":{"@id":"https:\/\/www.moda.bigsales.pt\/#\/schema\/logo\/image\/"}}]}},"_links":{"self":[{"href":"https:\/\/www.moda.bigsales.pt\/index.php?rest_route=\/wp\/v2\/pages\/11746","targetHints":{"allow":["GET"]}}],"collection":[{"href":"https:\/\/www.moda.bigsales.pt\/index.php?rest_route=\/wp\/v2\/pages"}],"about":[{"href":"https:\/\/www.moda.bigsales.pt\/index.php?rest_route=\/wp\/v2\/types\/page"}],"author":[{"embeddable":true,"href":"https:\/\/www.moda.bigsales.pt\/index.php?rest_route=\/wp\/v2\/users\/1"}],"replies":[{"embeddable":true,"href":"https:\/\/www.moda.bigsales.pt\/index.php?rest_route=%2Fwp%2Fv2%2Fcomments&post=11746"}],"version-history":[{"count":4,"href":"https:\/\/www.moda.bigsales.pt\/index.php?rest_route=\/wp\/v2\/pages\/11746\/revisions"}],"predecessor-version":[{"id":304098,"href":"https:\/\/www.moda.bigsales.pt\/index.php?rest_route=\/wp\/v2\/pages\/11746\/revisions\/304098"}],"wp:attachment":[{"href":"https:\/\/www.moda.bigsales.pt\/index.php?rest_route=%2Fwp%2Fv2%2Fmedia&parent=11746"}],"curies":[{"name":"wp","href":"https:\/\/api.w.org\/{rel}","templated":true}]}}