{"id":74924,"date":"2021-07-05T14:44:56","date_gmt":"2021-07-05T14:44:56","guid":{"rendered":"https:\/\/XXXXXX.com\/?page_id=11743"},"modified":"2023-01-19T10:42:12","modified_gmt":"2023-01-19T10:42:12","slug":"politica-de-privacidade","status":"publish","type":"page","link":"https:\/\/www.moda.bigsales.pt\/?page_id=74924","title":{"rendered":"Politica de Privacidade"},"content":{"rendered":"\t\t<div data-elementor-type=\"wp-page\" data-elementor-id=\"74924\" class=\"elementor elementor-74924\" data-elementor-post-type=\"page\">\n\t\t\t\t\t\t<section class=\"elementor-section elementor-top-section elementor-element elementor-element-5f1d1852 elementor-section-boxed elementor-section-height-default elementor-section-height-default\" data-id=\"5f1d1852\" data-element_type=\"section\" data-e-type=\"section\">\n\t\t\t\t\t\t<div class=\"elementor-container elementor-column-gap-default\">\n\t\t\t\t\t<div class=\"elementor-column elementor-col-100 elementor-top-column elementor-element elementor-element-33de0545\" data-id=\"33de0545\" data-element_type=\"column\" data-e-type=\"column\">\n\t\t\t<div class=\"elementor-widget-wrap elementor-element-populated\">\n\t\t\t\t\t\t<div class=\"elementor-element elementor-element-2caf1af9 elementor-widget elementor-widget-text-editor\" data-id=\"2caf1af9\" data-element_type=\"widget\" data-e-type=\"widget\" data-widget_type=\"text-editor.default\">\n\t\t\t\t<div class=\"elementor-widget-container\">\n\t\t\t\t\t\t\t\t\t\n<p><strong>IDENTIFICA\u00c7\u00c3O DO RESPONS\u00c1VEL PELO TRATAMENTO DE DADOS<\/strong><\/p>\n\n<p><strong><b>XXX<\/b><br \/><\/strong>Rua XXXXXXX, N\u00ba XXX<br \/>XXXX-XXX, XXXXXXX<\/p>\n\n<p>NIF: XXXXXXXXX<\/p>\n\n<p><strong>INFORMA\u00c7\u00c3O E CONSENTIMENTO<\/strong><\/p>\n\n<p>A Lei da Prote\u00e7\u00e3o de Dados Pessoais (em diante \u201cLPDP\u201d) e o Regulamento Geral de Prote\u00e7\u00e3o de Dados (Regulamento (UE) 2016\/679 do Parlamento Europeu e do Conselho de 27 de abril de 2016, em diante \u201cRGPD\u201d) asseguram a prote\u00e7\u00e3o das pessoas singulares no que diz respeito ao tratamento de dados pessoais e \u00e0 livre circula\u00e7\u00e3o desses dados.<\/p>\n\n<p>Nos termos legais s\u00e3o considerados \u201cdados pessoais\u201d qualquer informa\u00e7\u00e3o, de qualquer natureza e independentemente do respectivo suporte, incluindo som e imagem, relativa a uma pessoa singular identificada ou identific\u00e1vel, pelo que a protec\u00e7\u00e3o n\u00e3o abrange os dados de pessoas colectivas.<\/p>\n\n<p>Mediante a aceita\u00e7\u00e3o da presente Pol\u00edtica de Privacidade o utilizador declara para os efeitos previstos no disposto nos artigos 4\u00ba, n\u00bas. 1, 2, 3, 6, 7 e 11, 6\u00ba, 7\u00ba, 13.\u00ba presta o seu consentimento consentimento livre, espont\u00e2neo e esclarecidos para o tratamento dos dados pessoais, \u00e0 <strong><b>XXX <\/b><\/strong>fornecidos atrav\u00e9s do site <a href=\"https:\/\/XXXXXX.com\/\">https:\/\/XXXXXX.com\/<\/a> sejam inclu\u00eddos num ficheiro da responsabilidade da <strong><b>XXX <\/b><\/strong><strong>,<\/strong>\u00a0cujo tratamento nos termos da LPDP e do RGPD cumpre as medidas de seguran\u00e7a t\u00e9cnicas e organizativas adequadas.<\/p>\n\n<p>A <strong><b>XXX<\/b><\/strong>, mant\u00e9m uma base de dados com o registo dos seus clientes. Os dados presentes nesta base s\u00e3o unicamente os dados prestados pelos pr\u00f3prios na altura do seu registo, sendo recolhidos e processados automaticamente, nos termos aprovados pela Comiss\u00e3o Nacional de Protec\u00e7\u00e3o de Dados, pela <strong><b>XXX<\/b><\/strong>, entidade respons\u00e1vel pelo correspondente ficheiro.<\/p>\n\n<p>Em caso algum ser\u00e1 solicitada informa\u00e7\u00e3o sobre convic\u00e7\u00f5es filos\u00f3ficas ou pol\u00edticas, filia\u00e7\u00e3o partid\u00e1ria ou sindical, f\u00e9 religiosa, vida privada e origem racial ou \u00e9tnica bem como os dados relativos \u00e0 sa\u00fade e \u00e0 vida sexual, incluindo os dados gen\u00e9ticos.<\/p>\n\n<p>Em caso algum levaremos a cabo qualquer das seguintes actividades com os dados pessoais que nos sejam facultados atrav\u00e9s deste site:<\/p>\n\n<ul class=\"wp-block-list\">\n<li>Ceder a outras pessoas ou outras entidades, sem o consentimento pr\u00e9vio do titular dos dados<\/li>\n<li>Transferir para fora do Espa\u00e7o Econ\u00f3mico Europeu (EEE), sem o consentimento pr\u00e9vio do titular dos dados.<\/li>\n<\/ul>\n\n<p><strong>O QUE N\u00d3S RECOLHEMOS<\/strong><\/p>\n\n<p>N\u00f3s podemos registar as seguintes informa\u00e7\u00f5es:<\/p>\n\n<ul class=\"wp-block-list\">\n<li>Nome;<\/li>\n<li>Informa\u00e7\u00f5es de contacto, incluindo o endere\u00e7o de e-mail;<\/li>\n<li>Informa\u00e7\u00f5es demogr\u00e1ficas, encomendas, prefer\u00eancias e interesses;<\/li>\n<li>Outras informa\u00e7\u00f5es relevantes para inqu\u00e9ritos e\/ou ofertas para os clientes.<\/li>\n<\/ul>\n\n<p><strong>O QUE FAZEMOS COM A INFORMA\u00c7\u00c3O QUE RECOLHEMOS<\/strong><\/p>\n\n<p>Precisamos destas informa\u00e7\u00f5es para entender as suas necessidades e fornecer-lhe um melhor servi\u00e7o e, em particular, pelas seguintes raz\u00f5es:<\/p>\n\n<ul class=\"wp-block-list\">\n<li>Manuten\u00e7\u00e3o de registo interno;<\/li>\n<li>Usar as informa\u00e7\u00f5es para melhorar os nossos produtos e\/ou servi\u00e7os, quer seja para an\u00e1lise interna ou fornecimento dos dados a empresas externas que se dedicam \u00e0 coleta de opini\u00f5es de compras efectuadas;<\/li>\n<li>No caso das encomendas enviadas, o seu nome, morada e contacto ser\u00e1 fornececido \u00e0 empresa transportadora para entrega da mesma;\u00a0<\/li>\n<li>Podemos enviar periodicamente e-mails promocionais sobre novos produtos, ofertas especiais ou outras informa\u00e7\u00f5es que n\u00f3s pensamos que voc\u00ea pode achar interessante, usando o endere\u00e7o de e-mail que voc\u00ea forneceu;<\/li>\n<li>De tempos a tempos, tamb\u00e9m poderemos usar as suas informa\u00e7\u00f5es para contat\u00e1-lo para fins de pesquisa de mercado. Podemos contact\u00e1-lo por e-mail, telefone, fax ou correio. Podemos usar as informa\u00e7\u00f5es para personalizar o site de acordo com os seus interesses.<\/li>\n<\/ul>\n\n<p><strong>ALTERA\u00c7\u00c3O DE DADOS E ELIMINA\u00c7\u00c3O<\/strong><\/p>\n\n<p>De acordo com as disposi\u00e7\u00f5es da Lei de protec\u00e7\u00e3o de dados pessoais e do RGPD, o utilizador pode exercer a todo o tempo os seus direitos de acesso, retificac\u00e7\u00e3o, apagamento, limita\u00e7\u00e3o, oposi\u00e7\u00e3o e portabilidade, atrav\u00e9s de solicita\u00e7\u00e3o por qualquer dos seguintes meios:\u00a0<\/p>\n\n<p>Correio:<\/p>\n\n<p><strong><b>XXX<\/b><br \/><\/strong>Rua XXXXXXX, N\u00ba XXX<br \/>XXXX-XXX, XXXXXXX<\/p>\n\n<p>Email: <a href=\"mailto:geral@XXXXXX.com\">geral@XXXXXX.com<\/a><\/p>\n\n<p>Caso o utilizador deseje, a qualquer momento, deixar de fazer parte da base de dados <strong><b>XXX <\/b><\/strong>poder\u00e1 exercer esse direito atrav\u00e9s destes contatos. A qualquer momento o cliente poder\u00e1 alterar ou eliminar os seus dados na sua \u00e1rea de cliente ou em alternativa solicitar atrav\u00e9s do nosso email ou telefone.<\/p>\n\n<p><strong>SEGURAN\u00c7A<\/strong><\/p>\n\n<p>Estamos constantemente empenhados em garantir que as suas informa\u00e7\u00f5es est\u00e3o seguras. A fim de evitar o acesso n\u00e3o autorizado ou divulga\u00e7\u00e3o, foram estabelecidos procedimentos f\u00edsicos, eletr\u00f3nicos e administrativos adequados para salvaguardar e proteger as informa\u00e7\u00f5es que recolhemos online.<\/p>\n\n<p><strong>COMO USAMOS OS COOKIES<\/strong><\/p>\n\n<p>Um cookie \u00e9 um pequeno arquivo que pede permiss\u00e3o para ser colocado no armazenamento do seu computador ou dispositivo m\u00f3vel. Uma vez concordando, o arquivo \u00e9 adicionado e o cookie ajuda a analisar o tr\u00e1fego web ou deixa-o saber quando voc\u00ea visita um determinado site.<\/p>\n\n<p>N\u00f3s usamos os logs de tr\u00e1fego dos cookies para identificar quais as p\u00e1ginas que est\u00e3o a ser usadas. Isso ajuda-nos a analisar os dados sobre o tr\u00e1fego na p\u00e1gina web e melhorar o nosso site a fim de adequ\u00e1-lo \u00e0s necessidades do cliente. N\u00f3s s\u00f3 usamos estas informa\u00e7\u00f5es para fins de an\u00e1lise estat\u00edstica e, em seguida, os dados s\u00e3o removidos do sistema.<\/p>\n\n<p>No geral, os cookies ajuda-nos a fornecer-lhe um site melhor, pois permite-nos monitorizar as p\u00e1ginas que voc\u00ea acha \u00fateis ou n\u00e3o \u00fateis. Um cookie n\u00e3o nos d\u00e1 acesso ao seu computador ou qualquer informa\u00e7\u00e3o sobre voc\u00ea, com excep\u00e7\u00e3o dos dados que voc\u00ea escolher para partilhar connosco. Voc\u00ea pode optar por aceitar ou recusar cookies. A maioria dos browsers automaticamente aceita cookies, mas voc\u00ea pode modificar o seu navegador para recusar cookies. Se voc\u00ea preferir recusar cookies, isso pode\u00a0impedi-lo\u00a0de tirar pleno partido do site.<\/p>\n\n<p>Um cookie \u00e9 um pequeno arquivo que pede permiss\u00e3o para ser colocado no armazenamento do seu computador ou dispositivo m\u00f3vel. Uma vez concordando, o arquivo \u00e9 adicionado e o cookie ajuda a analisar o tr\u00e1fego web ou deixa-o saber quando voc\u00ea visita um determinado site.<\/p>\n\n<p>N\u00f3s usamos os logs de tr\u00e1fego dos cookies para identificar quais as p\u00e1ginas que est\u00e3o a ser usadas. Isso ajuda-nos a analisar os dados sobre o tr\u00e1fego na p\u00e1gina web e melhorar o nosso site a fim de adequ\u00e1-lo \u00e0s necessidades do cliente. N\u00f3s s\u00f3 usamos estas informa\u00e7\u00f5es para fins de an\u00e1lise estat\u00edstica e, em seguida, os dados s\u00e3o removidos do sistema.<\/p>\n\n<p>No geral, os cookies ajuda-nos a fornecer-lhe um site melhor, pois permite-nos monitorizar as p\u00e1ginas que voc\u00ea acha \u00fateis ou n\u00e3o \u00fateis. Um cookie n\u00e3o nos d\u00e1 acesso ao seu computador ou qualquer informa\u00e7\u00e3o sobre voc\u00ea, com excep\u00e7\u00e3o dos dados que voc\u00ea escolher para partilhar connosco. Voc\u00ea pode optar por aceitar ou recusar cookies. A maioria dos browsers automaticamente aceita cookies, mas voc\u00ea pode modificar o seu navegador para recusar cookies. Se voc\u00ea preferir recusar cookies, isso pode\u00a0impedi-lo\u00a0de tirar pleno partido do site.<\/p>\n\n<p>mais informa\u00e7\u00f5es:\u00a0<a href=\"https:\/\/XXXXXX.com\/politica-de-cookies\/\"><em><strong>politica de cookies<\/strong><\/em><\/a><\/p>\n\n<p><strong>LINKS PARA OUTROS SITES<\/strong><\/p>\n\n<p>O nosso site pode conter links para outros sites de interesse. No entanto, depois de ter usado esses links,, voc\u00ea deve notar que n\u00e3o temos qualquer controlo sobre esse outro site. Portanto, n\u00e3o podemos ser respons\u00e1veis pela protec\u00e7\u00e3o e privacidade de qualquer informa\u00e7\u00e3o que voc\u00ea fornecer enquanto visita tais sites e tais sites n\u00e3o s\u00e3o regidos por esta declara\u00e7\u00e3o de privacidade. Voc\u00ea deve ter cautela e olhar para a declara\u00e7\u00e3o de privacidade aplic\u00e1vel ao site em quest\u00e3o<\/p>\n\t\t\t\t\t\t\t\t<\/div>\n\t\t\t\t<\/div>\n\t\t\t\t\t<\/div>\n\t\t<\/div>\n\t\t\t\t\t<\/div>\n\t\t<\/section>\n\t\t\t\t<\/div>\n\t\t","protected":false},"excerpt":{"rendered":"<p>IDENTIFICA\u00c7\u00c3O DO RESPONS\u00c1VEL PELO TRATAMENTO DE DADOS XXXRua XXXXXXX, N\u00ba XXXXXXX-XXX, XXXXXXX NIF: XXXXXXXXX INFORMA\u00c7\u00c3O E CONSENTIMENTO A Lei da Prote\u00e7\u00e3o de Dados Pessoais (em diante \u201cLPDP\u201d) e o Regulamento Geral de Prote\u00e7\u00e3o de Dados (Regulamento (UE) 2016\/679 do Parlamento Europeu e do Conselho de 27 de abril de 2016, em diante \u201cRGPD\u201d) asseguram a [&hellip;]<\/p>\n","protected":false},"author":1,"featured_media":0,"parent":0,"menu_order":0,"comment_status":"closed","ping_status":"closed","template":"","meta":{"footnotes":""},"class_list":["post-74924","page","type-page","status-publish","hentry"],"yoast_head":"<!-- This site is optimized with the Yoast SEO plugin v27.5 - https:\/\/yoast.com\/product\/yoast-seo-wordpress\/ -->\n<title>Politica de Privacidade - Moda Big Sales<\/title>\n<meta name=\"robots\" content=\"index, follow, max-snippet:-1, max-image-preview:large, max-video-preview:-1\" \/>\n<link rel=\"canonical\" href=\"https:\/\/www.moda.bigsales.pt\/?page_id=74924\" \/>\n<meta property=\"og:locale\" content=\"pt_PT\" \/>\n<meta property=\"og:type\" content=\"article\" \/>\n<meta property=\"og:title\" content=\"Politica de Privacidade - Moda Big Sales\" \/>\n<meta property=\"og:description\" content=\"IDENTIFICA\u00c7\u00c3O DO RESPONS\u00c1VEL PELO TRATAMENTO DE DADOS XXXRua XXXXXXX, N\u00ba XXXXXXX-XXX, XXXXXXX NIF: XXXXXXXXX INFORMA\u00c7\u00c3O E CONSENTIMENTO A Lei da Prote\u00e7\u00e3o de Dados Pessoais (em diante \u201cLPDP\u201d) e o Regulamento Geral de Prote\u00e7\u00e3o de Dados (Regulamento (UE) 2016\/679 do Parlamento Europeu e do Conselho de 27 de abril de 2016, em diante \u201cRGPD\u201d) asseguram a [&hellip;]\" \/>\n<meta property=\"og:url\" content=\"https:\/\/www.moda.bigsales.pt\/?page_id=74924\" \/>\n<meta property=\"og:site_name\" content=\"Moda Big Sales\" \/>\n<meta property=\"article:modified_time\" content=\"2023-01-19T10:42:12+00:00\" \/>\n<meta name=\"twitter:card\" content=\"summary_large_image\" \/>\n<meta name=\"twitter:label1\" content=\"Tempo estimado de leitura\" \/>\n\t<meta name=\"twitter:data1\" content=\"7 minutos\" \/>\n<script type=\"application\/ld+json\" class=\"yoast-schema-graph\">{\"@context\":\"https:\\\/\\\/schema.org\",\"@graph\":[{\"@type\":\"WebPage\",\"@id\":\"https:\\\/\\\/www.moda.bigsales.pt\\\/?page_id=74924\",\"url\":\"https:\\\/\\\/www.moda.bigsales.pt\\\/?page_id=74924\",\"name\":\"Politica de Privacidade - Moda Big Sales\",\"isPartOf\":{\"@id\":\"https:\\\/\\\/www.moda.bigsales.pt\\\/#website\"},\"datePublished\":\"2021-07-05T14:44:56+00:00\",\"dateModified\":\"2023-01-19T10:42:12+00:00\",\"breadcrumb\":{\"@id\":\"https:\\\/\\\/www.moda.bigsales.pt\\\/?page_id=74924#breadcrumb\"},\"inLanguage\":\"pt-PT\",\"potentialAction\":[{\"@type\":\"ReadAction\",\"target\":[\"https:\\\/\\\/www.moda.bigsales.pt\\\/?page_id=74924\"]}]},{\"@type\":\"BreadcrumbList\",\"@id\":\"https:\\\/\\\/www.moda.bigsales.pt\\\/?page_id=74924#breadcrumb\",\"itemListElement\":[{\"@type\":\"ListItem\",\"position\":1,\"name\":\"In\u00edcio\",\"item\":\"https:\\\/\\\/www.moda.bigsales.pt\\\/\"},{\"@type\":\"ListItem\",\"position\":2,\"name\":\"Politica de Privacidade\"}]},{\"@type\":\"WebSite\",\"@id\":\"https:\\\/\\\/www.moda.bigsales.pt\\\/#website\",\"url\":\"https:\\\/\\\/www.moda.bigsales.pt\\\/\",\"name\":\"Moda Big Sales\",\"description\":\"A sua loja virtual\",\"publisher\":{\"@id\":\"https:\\\/\\\/www.moda.bigsales.pt\\\/#organization\"},\"potentialAction\":[{\"@type\":\"SearchAction\",\"target\":{\"@type\":\"EntryPoint\",\"urlTemplate\":\"https:\\\/\\\/www.moda.bigsales.pt\\\/?s={search_term_string}\"},\"query-input\":{\"@type\":\"PropertyValueSpecification\",\"valueRequired\":true,\"valueName\":\"search_term_string\"}}],\"inLanguage\":\"pt-PT\"},{\"@type\":\"Organization\",\"@id\":\"https:\\\/\\\/www.moda.bigsales.pt\\\/#organization\",\"name\":\"Moda Big Sales\",\"url\":\"https:\\\/\\\/www.moda.bigsales.pt\\\/\",\"logo\":{\"@type\":\"ImageObject\",\"inLanguage\":\"pt-PT\",\"@id\":\"https:\\\/\\\/www.moda.bigsales.pt\\\/#\\\/schema\\\/logo\\\/image\\\/\",\"url\":\"https:\\\/\\\/ams1.vultrobjects.com\\\/donadecasainspirada\\\/2024\\\/11\\\/LOGOMODA.png\",\"contentUrl\":\"https:\\\/\\\/ams1.vultrobjects.com\\\/donadecasainspirada\\\/2024\\\/11\\\/LOGOMODA.png\",\"width\":243,\"height\":112,\"caption\":\"Moda Big Sales\"},\"image\":{\"@id\":\"https:\\\/\\\/www.moda.bigsales.pt\\\/#\\\/schema\\\/logo\\\/image\\\/\"}}]}<\/script>\n<!-- \/ Yoast SEO plugin. -->","yoast_head_json":{"title":"Politica de Privacidade - Moda Big Sales","robots":{"index":"index","follow":"follow","max-snippet":"max-snippet:-1","max-image-preview":"max-image-preview:large","max-video-preview":"max-video-preview:-1"},"canonical":"https:\/\/www.moda.bigsales.pt\/?page_id=74924","og_locale":"pt_PT","og_type":"article","og_title":"Politica de Privacidade - Moda Big Sales","og_description":"IDENTIFICA\u00c7\u00c3O DO RESPONS\u00c1VEL PELO TRATAMENTO DE DADOS XXXRua XXXXXXX, N\u00ba XXXXXXX-XXX, XXXXXXX NIF: XXXXXXXXX INFORMA\u00c7\u00c3O E CONSENTIMENTO A Lei da Prote\u00e7\u00e3o de Dados Pessoais (em diante \u201cLPDP\u201d) e o Regulamento Geral de Prote\u00e7\u00e3o de Dados (Regulamento (UE) 2016\/679 do Parlamento Europeu e do Conselho de 27 de abril de 2016, em diante \u201cRGPD\u201d) asseguram a [&hellip;]","og_url":"https:\/\/www.moda.bigsales.pt\/?page_id=74924","og_site_name":"Moda Big Sales","article_modified_time":"2023-01-19T10:42:12+00:00","twitter_card":"summary_large_image","twitter_misc":{"Tempo estimado de leitura":"7 minutos"},"schema":{"@context":"https:\/\/schema.org","@graph":[{"@type":"WebPage","@id":"https:\/\/www.moda.bigsales.pt\/?page_id=74924","url":"https:\/\/www.moda.bigsales.pt\/?page_id=74924","name":"Politica de Privacidade - Moda Big Sales","isPartOf":{"@id":"https:\/\/www.moda.bigsales.pt\/#website"},"datePublished":"2021-07-05T14:44:56+00:00","dateModified":"2023-01-19T10:42:12+00:00","breadcrumb":{"@id":"https:\/\/www.moda.bigsales.pt\/?page_id=74924#breadcrumb"},"inLanguage":"pt-PT","potentialAction":[{"@type":"ReadAction","target":["https:\/\/www.moda.bigsales.pt\/?page_id=74924"]}]},{"@type":"BreadcrumbList","@id":"https:\/\/www.moda.bigsales.pt\/?page_id=74924#breadcrumb","itemListElement":[{"@type":"ListItem","position":1,"name":"In\u00edcio","item":"https:\/\/www.moda.bigsales.pt\/"},{"@type":"ListItem","position":2,"name":"Politica de Privacidade"}]},{"@type":"WebSite","@id":"https:\/\/www.moda.bigsales.pt\/#website","url":"https:\/\/www.moda.bigsales.pt\/","name":"Moda Big Sales","description":"A sua loja virtual","publisher":{"@id":"https:\/\/www.moda.bigsales.pt\/#organization"},"potentialAction":[{"@type":"SearchAction","target":{"@type":"EntryPoint","urlTemplate":"https:\/\/www.moda.bigsales.pt\/?s={search_term_string}"},"query-input":{"@type":"PropertyValueSpecification","valueRequired":true,"valueName":"search_term_string"}}],"inLanguage":"pt-PT"},{"@type":"Organization","@id":"https:\/\/www.moda.bigsales.pt\/#organization","name":"Moda Big Sales","url":"https:\/\/www.moda.bigsales.pt\/","logo":{"@type":"ImageObject","inLanguage":"pt-PT","@id":"https:\/\/www.moda.bigsales.pt\/#\/schema\/logo\/image\/","url":"https:\/\/ams1.vultrobjects.com\/donadecasainspirada\/2024\/11\/LOGOMODA.png","contentUrl":"https:\/\/ams1.vultrobjects.com\/donadecasainspirada\/2024\/11\/LOGOMODA.png","width":243,"height":112,"caption":"Moda Big Sales"},"image":{"@id":"https:\/\/www.moda.bigsales.pt\/#\/schema\/logo\/image\/"}}]}},"_links":{"self":[{"href":"https:\/\/www.moda.bigsales.pt\/index.php?rest_route=\/wp\/v2\/pages\/74924","targetHints":{"allow":["GET"]}}],"collection":[{"href":"https:\/\/www.moda.bigsales.pt\/index.php?rest_route=\/wp\/v2\/pages"}],"about":[{"href":"https:\/\/www.moda.bigsales.pt\/index.php?rest_route=\/wp\/v2\/types\/page"}],"author":[{"embeddable":true,"href":"https:\/\/www.moda.bigsales.pt\/index.php?rest_route=\/wp\/v2\/users\/1"}],"replies":[{"embeddable":true,"href":"https:\/\/www.moda.bigsales.pt\/index.php?rest_route=%2Fwp%2Fv2%2Fcomments&post=74924"}],"version-history":[{"count":4,"href":"https:\/\/www.moda.bigsales.pt\/index.php?rest_route=\/wp\/v2\/pages\/74924\/revisions"}],"predecessor-version":[{"id":304092,"href":"https:\/\/www.moda.bigsales.pt\/index.php?rest_route=\/wp\/v2\/pages\/74924\/revisions\/304092"}],"wp:attachment":[{"href":"https:\/\/www.moda.bigsales.pt\/index.php?rest_route=%2Fwp%2Fv2%2Fmedia&parent=74924"}],"curies":[{"name":"wp","href":"https:\/\/api.w.org\/{rel}","templated":true}]}}